{"id":100,"date":"2022-11-06T19:31:34","date_gmt":"2022-11-06T19:31:34","guid":{"rendered":"http:\/\/ridsport.kfmconsulting.se\/?page_id=100"},"modified":"2022-12-09T14:10:12","modified_gmt":"2022-12-09T14:10:12","slug":"sudergutarnas-ridhus","status":"publish","type":"page","link":"http:\/\/sgrk.nu\/index.php\/sudergutarnas-ridhus\/","title":{"rendered":"Sudergutarnas ridhus"},"content":{"rendered":"\t\t<div data-elementor-type=\"wp-page\" data-elementor-id=\"100\" class=\"elementor elementor-100\">\n\t\t\t\t\t\t\t\t\t<section class=\"elementor-section elementor-top-section elementor-element elementor-element-4048d51 elementor-section-boxed elementor-section-height-default elementor-section-height-default\" data-id=\"4048d51\" data-element_type=\"section\">\n\t\t\t\t\t\t<div class=\"elementor-container elementor-column-gap-default\">\n\t\t\t\t\t<div class=\"elementor-column elementor-col-100 elementor-top-column elementor-element elementor-element-69edde9\" data-id=\"69edde9\" data-element_type=\"column\">\n\t\t\t<div class=\"elementor-widget-wrap elementor-element-populated\">\n\t\t\t\t\t\t\t\t<div class=\"elementor-element elementor-element-08577e2 elementor-widget elementor-widget-image\" data-id=\"08577e2\" data-element_type=\"widget\" data-widget_type=\"image.default\">\n\t\t\t\t<div class=\"elementor-widget-container\">\n\t\t\t<style>\/*! elementor - v3.17.0 - 25-10-2023 *\/\n.elementor-widget-image{text-align:center}.elementor-widget-image a{display:inline-block}.elementor-widget-image a img[src$=\".svg\"]{width:48px}.elementor-widget-image img{vertical-align:middle;display:inline-block}<\/style>\t\t\t\t\t\t\t\t\t\t\t\t<img loading=\"lazy\" decoding=\"async\" width=\"1024\" height=\"578\" src=\"http:\/\/sgrk.nu\/wp-content\/uploads\/2022\/12\/Havdhem_4-1024x578.jpg\" class=\"attachment-large size-large wp-image-215\" alt=\"\" srcset=\"http:\/\/sgrk.nu\/wp-content\/uploads\/2022\/12\/Havdhem_4-1024x578.jpg 1024w, http:\/\/sgrk.nu\/wp-content\/uploads\/2022\/12\/Havdhem_4-300x169.jpg 300w, http:\/\/sgrk.nu\/wp-content\/uploads\/2022\/12\/Havdhem_4-768x434.jpg 768w, http:\/\/sgrk.nu\/wp-content\/uploads\/2022\/12\/Havdhem_4.jpg 1080w\" sizes=\"auto, (max-width: 1024px) 100vw, 1024px\" \/>\t\t\t\t\t\t\t\t\t\t\t\t\t\t\t<\/div>\n\t\t\t\t<\/div>\n\t\t\t\t<div class=\"elementor-element elementor-element-0f73426 elementor-widget elementor-widget-text-editor\" data-id=\"0f73426\" data-element_type=\"widget\" data-widget_type=\"text-editor.default\">\n\t\t\t\t<div class=\"elementor-widget-container\">\n\t\t\t<style>\/*! elementor - v3.17.0 - 25-10-2023 *\/\n.elementor-widget-text-editor.elementor-drop-cap-view-stacked .elementor-drop-cap{background-color:#69727d;color:#fff}.elementor-widget-text-editor.elementor-drop-cap-view-framed .elementor-drop-cap{color:#69727d;border:3px solid;background-color:transparent}.elementor-widget-text-editor:not(.elementor-drop-cap-view-default) .elementor-drop-cap{margin-top:8px}.elementor-widget-text-editor:not(.elementor-drop-cap-view-default) .elementor-drop-cap-letter{width:1em;height:1em}.elementor-widget-text-editor .elementor-drop-cap{float:left;text-align:center;line-height:1;font-size:50px}.elementor-widget-text-editor .elementor-drop-cap-letter{display:inline-block}<\/style>\t\t\t\t<p><span style=\"color: var( --e-global-color-text ); font-family: var( --e-global-typography-text-font-family ), Sans-serif; font-weight: var( --e-global-typography-text-font-weight );\">Anl\u00e4ggningen i Havdhem drivs av Sudergutarnas Ridhusf\u00f6rening d\u00e4r styrelsen v\u00e4ljs av S\u00f6dra Gotlands Rid- och K\u00f6rklubb (SGRK).<\/span><\/p>\n<p>P\u00e5 anl\u00e4ggningen finns ett ridhus med m\u00e5tten 20&#215;60 m. Det finns \u00e4ven tv\u00e5 utebanor varav en dressyrbana p\u00e5 20&#215;60 m och en hoppbana p\u00e5 ca 80&#215;40 m.<\/p>\n<p>I Sudergutarnas ridhus h\u00e5lls kontinuerliga tr\u00e4ningar f\u00f6r SGRKs tr\u00e4nare, t\u00e4vlingar och andra aktiviteter.<\/p>\t\t\t\t\t\t<\/div>\n\t\t\t\t<\/div>\n\t\t\t\t<div class=\"elementor-element elementor-element-5d76c32 elementor-widget elementor-widget-spacer\" data-id=\"5d76c32\" data-element_type=\"widget\" data-widget_type=\"spacer.default\">\n\t\t\t\t<div class=\"elementor-widget-container\">\n\t\t\t<style>\/*! elementor - v3.17.0 - 25-10-2023 *\/\n.elementor-column .elementor-spacer-inner{height:var(--spacer-size)}.e-con{--container-widget-width:100%}.e-con-inner>.elementor-widget-spacer,.e-con>.elementor-widget-spacer{width:var(--container-widget-width,var(--spacer-size));--align-self:var(--container-widget-align-self,initial);--flex-shrink:0}.e-con-inner>.elementor-widget-spacer>.elementor-widget-container,.e-con>.elementor-widget-spacer>.elementor-widget-container{height:100%;width:100%}.e-con-inner>.elementor-widget-spacer>.elementor-widget-container>.elementor-spacer,.e-con>.elementor-widget-spacer>.elementor-widget-container>.elementor-spacer{height:100%}.e-con-inner>.elementor-widget-spacer>.elementor-widget-container>.elementor-spacer>.elementor-spacer-inner,.e-con>.elementor-widget-spacer>.elementor-widget-container>.elementor-spacer>.elementor-spacer-inner{height:var(--container-widget-height,var(--spacer-size))}.e-con-inner>.elementor-widget-spacer.elementor-widget-empty,.e-con>.elementor-widget-spacer.elementor-widget-empty{position:relative;min-height:22px;min-width:22px}.e-con-inner>.elementor-widget-spacer.elementor-widget-empty .elementor-widget-empty-icon,.e-con>.elementor-widget-spacer.elementor-widget-empty .elementor-widget-empty-icon{position:absolute;top:0;bottom:0;left:0;right:0;margin:auto;padding:0;width:22px;height:22px}<\/style>\t\t<div class=\"elementor-spacer\">\n\t\t\t<div class=\"elementor-spacer-inner\"><\/div>\n\t\t<\/div>\n\t\t\t\t<\/div>\n\t\t\t\t<\/div>\n\t\t\t\t\t<\/div>\n\t\t<\/div>\n\t\t\t\t\t\t\t<\/div>\n\t\t<\/section>\n\t\t\t\t<section class=\"elementor-section elementor-top-section elementor-element elementor-element-a304b41 elementor-section-stretched elementor-section-boxed elementor-section-height-default elementor-section-height-default\" data-id=\"a304b41\" data-element_type=\"section\" data-settings=\"{&quot;stretch_section&quot;:&quot;section-stretched&quot;,&quot;background_background&quot;:&quot;classic&quot;}\">\n\t\t\t\t\t\t<div class=\"elementor-container elementor-column-gap-default\">\n\t\t\t\t\t<div class=\"elementor-column elementor-col-100 elementor-top-column elementor-element elementor-element-cb839f3\" data-id=\"cb839f3\" data-element_type=\"column\">\n\t\t\t<div class=\"elementor-widget-wrap elementor-element-populated\">\n\t\t\t\t\t\t\t\t<section class=\"elementor-section elementor-inner-section elementor-element elementor-element-daac7d4 elementor-section-boxed elementor-section-height-default elementor-section-height-default\" data-id=\"daac7d4\" data-element_type=\"section\">\n\t\t\t\t\t\t<div class=\"elementor-container elementor-column-gap-default\">\n\t\t\t\t\t<div class=\"elementor-column elementor-col-50 elementor-inner-column elementor-element elementor-element-3974083\" data-id=\"3974083\" data-element_type=\"column\">\n\t\t\t<div class=\"elementor-widget-wrap elementor-element-populated\">\n\t\t\t\t\t\t\t\t<div class=\"elementor-element elementor-element-0b5ab76 elementor-widget elementor-widget-text-editor\" data-id=\"0b5ab76\" data-element_type=\"widget\" data-widget_type=\"text-editor.default\">\n\t\t\t\t<div class=\"elementor-widget-container\">\n\t\t\t\t\t\t\t<p><strong>Hyra Sudergutarnas ridhus<br \/><\/strong>Det finns m\u00f6jlighet att hyra delar av anl\u00e4ggningen f\u00f6r tr\u00e4ning och t\u00e4vling. P\u00e5\u00a0<a href=\"https:\/\/boka.se\/sgr\/info\" target=\"_blank\" rel=\"noreferrer noopener\">Boka.se<\/a>\u00a0g\u00f6r du din bokning och kan se andra bokningar f\u00f6r anl\u00e4ggningen.<\/p>\t\t\t\t\t\t<\/div>\n\t\t\t\t<\/div>\n\t\t\t\t\t<\/div>\n\t\t<\/div>\n\t\t\t\t<div class=\"elementor-column elementor-col-50 elementor-inner-column elementor-element elementor-element-bcdfb36\" data-id=\"bcdfb36\" data-element_type=\"column\">\n\t\t\t<div class=\"elementor-widget-wrap elementor-element-populated\">\n\t\t\t\t\t\t\t\t<div class=\"elementor-element elementor-element-7559598 elementor-widget elementor-widget-text-editor\" data-id=\"7559598\" data-element_type=\"widget\" data-widget_type=\"text-editor.default\">\n\t\t\t\t<div class=\"elementor-widget-container\">\n\t\t\t\t\t\t\t<p><strong>Fr\u00e5gor<\/strong><br \/>F\u00f6r mer information, se\u00a0<a href=\"http:\/\/www.sudergutarnasridhusforening.n.nu\/\" target=\"_blank\" rel=\"noreferrer noopener\">Sudergutarnas hemsida<\/a>.<\/p>\t\t\t\t\t\t<\/div>\n\t\t\t\t<\/div>\n\t\t\t\t\t<\/div>\n\t\t<\/div>\n\t\t\t\t\t\t\t<\/div>\n\t\t<\/section>\n\t\t\t\t\t<\/div>\n\t\t<\/div>\n\t\t\t\t\t\t\t<\/div>\n\t\t<\/section>\n\t\t\t\t<section class=\"elementor-section elementor-top-section elementor-element elementor-element-96f8901 elementor-section-boxed elementor-section-height-default elementor-section-height-default\" data-id=\"96f8901\" data-element_type=\"section\">\n\t\t\t\t\t\t<div class=\"elementor-container elementor-column-gap-default\">\n\t\t\t\t\t<div class=\"elementor-column elementor-col-100 elementor-top-column elementor-element elementor-element-6a8a371\" data-id=\"6a8a371\" data-element_type=\"column\">\n\t\t\t<div class=\"elementor-widget-wrap elementor-element-populated\">\n\t\t\t\t\t\t\t\t<div class=\"elementor-element elementor-element-6435b47 elementor-widget elementor-widget-spacer\" data-id=\"6435b47\" data-element_type=\"widget\" data-widget_type=\"spacer.default\">\n\t\t\t\t<div class=\"elementor-widget-container\">\n\t\t\t\t\t<div class=\"elementor-spacer\">\n\t\t\t<div class=\"elementor-spacer-inner\"><\/div>\n\t\t<\/div>\n\t\t\t\t<\/div>\n\t\t\t\t<\/div>\n\t\t\t\t<div class=\"elementor-element elementor-element-12ee6db elementor-widget elementor-widget-text-editor\" data-id=\"12ee6db\" data-element_type=\"widget\" data-widget_type=\"text-editor.default\">\n\t\t\t\t<div class=\"elementor-widget-container\">\n\t\t\t\t\t\t\t<p><strong>Hitta hit<br \/><\/strong>Adressen till Sudergutarnas ridhus \u00e4r Havdhem Snevide 152.<\/p>\n<p>V\u00e4gbeskrivning:<br \/>Fr\u00e5n Visby: K\u00f6r v\u00e4g 142 mot Burgsvik. F\u00f6lj v\u00e4gen ca 60 km. K\u00f6r igenom Havdhems samh\u00e4lle. I utkanten av Havdhem sv\u00e4ng h\u00f6ger vid skylt \u201dRidhus\u201d. F\u00f6lj v\u00e4gen ner till anl\u00e4ggningen, ca 500 m.<\/p>\t\t\t\t\t\t<\/div>\n\t\t\t\t<\/div>\n\t\t\t\t\t<\/div>\n\t\t<\/div>\n\t\t\t\t\t\t\t<\/div>\n\t\t<\/section>\n\t\t\t\t\t\t\t<\/div>\n\t\t","protected":false},"excerpt":{"rendered":"<p>Anl\u00e4ggningen i Havdhem drivs av Sudergutarnas Ridhusf\u00f6rening d\u00e4r styrelsen v\u00e4ljs av S\u00f6dra Gotlands Rid- och K\u00f6rklubb (SGRK). P\u00e5 anl\u00e4ggningen finns&#8230;<\/p>\n","protected":false},"author":1,"featured_media":0,"parent":0,"menu_order":0,"comment_status":"closed","ping_status":"closed","template":"","meta":{"footnotes":""},"class_list":["post-100","page","type-page","status-publish","hentry"],"_links":{"self":[{"href":"http:\/\/sgrk.nu\/index.php\/wp-json\/wp\/v2\/pages\/100","targetHints":{"allow":["GET"]}}],"collection":[{"href":"http:\/\/sgrk.nu\/index.php\/wp-json\/wp\/v2\/pages"}],"about":[{"href":"http:\/\/sgrk.nu\/index.php\/wp-json\/wp\/v2\/types\/page"}],"author":[{"embeddable":true,"href":"http:\/\/sgrk.nu\/index.php\/wp-json\/wp\/v2\/users\/1"}],"replies":[{"embeddable":true,"href":"http:\/\/sgrk.nu\/index.php\/wp-json\/wp\/v2\/comments?post=100"}],"version-history":[{"count":5,"href":"http:\/\/sgrk.nu\/index.php\/wp-json\/wp\/v2\/pages\/100\/revisions"}],"predecessor-version":[{"id":236,"href":"http:\/\/sgrk.nu\/index.php\/wp-json\/wp\/v2\/pages\/100\/revisions\/236"}],"wp:attachment":[{"href":"http:\/\/sgrk.nu\/index.php\/wp-json\/wp\/v2\/media?parent=100"}],"curies":[{"name":"wp","href":"https:\/\/api.w.org\/{rel}","templated":true}]}}