{"id":2872,"date":"2026-03-16T07:18:27","date_gmt":"2026-03-16T07:18:27","guid":{"rendered":"http:\/\/sgrk.nu\/?page_id=2872"},"modified":"2026-03-16T07:23:52","modified_gmt":"2026-03-16T07:23:52","slug":"arbetsschema-2026","status":"publish","type":"page","link":"http:\/\/sgrk.nu\/index.php\/arbetsschema-2026\/","title":{"rendered":"Arbetsschema 2026"},"content":{"rendered":"\t\t<div data-elementor-type=\"wp-page\" data-elementor-id=\"2872\" class=\"elementor elementor-2872\">\n\t\t\t\t\t\t\t\t\t<section class=\"elementor-section elementor-top-section elementor-element elementor-element-1d3ee34 elementor-section-boxed elementor-section-height-default elementor-section-height-default\" data-id=\"1d3ee34\" data-element_type=\"section\">\n\t\t\t\t\t\t<div class=\"elementor-container elementor-column-gap-default\">\n\t\t\t\t\t<div class=\"elementor-column elementor-col-100 elementor-top-column elementor-element elementor-element-3801321\" data-id=\"3801321\" data-element_type=\"column\">\n\t\t\t<div class=\"elementor-widget-wrap elementor-element-populated\">\n\t\t\t\t\t\t\t\t<div class=\"elementor-element elementor-element-038eb01 elementor-widget elementor-widget-text-editor\" data-id=\"038eb01\" data-element_type=\"widget\" data-widget_type=\"text-editor.default\">\n\t\t\t\t<div class=\"elementor-widget-container\">\n\t\t\t<style>\/*! elementor - v3.17.0 - 25-10-2023 *\/\n.elementor-widget-text-editor.elementor-drop-cap-view-stacked .elementor-drop-cap{background-color:#69727d;color:#fff}.elementor-widget-text-editor.elementor-drop-cap-view-framed .elementor-drop-cap{color:#69727d;border:3px solid;background-color:transparent}.elementor-widget-text-editor:not(.elementor-drop-cap-view-default) .elementor-drop-cap{margin-top:8px}.elementor-widget-text-editor:not(.elementor-drop-cap-view-default) .elementor-drop-cap-letter{width:1em;height:1em}.elementor-widget-text-editor .elementor-drop-cap{float:left;text-align:center;line-height:1;font-size:50px}.elementor-widget-text-editor .elementor-drop-cap-letter{display:inline-block}<\/style>\t\t\t\t<p>Alla medlemmar som tr\u00e4nar\/t\u00e4vlar i v\u00e5r klubb \u00e4r uppsatta p\u00e5 SGRK funktion\u00e4rsschema och arbetsdagar. Beroende p\u00e5 vilka uppdrag man f\u00e5tt \u00e4r man uppsatt 2-3 ggr.&nbsp;&nbsp;<br>Kan man inte komma f\u00e5r man skicka en ers\u00e4ttare alt byta med n\u00e5gon som arbetar en annan dag. Ers\u00e4ttaren m\u00e5ste kunna utf\u00f6ra den uppgift som ordinarie funktion\u00e4r \u00e4r uppsatt p\u00e5.&nbsp;<\/p>\n<p><a href=\"http:\/\/sgrk.nu\/wp-content\/uploads\/2026\/03\/Arbetsschema-2026.pdf\" target=\"_blank\" style=\"background-color: rgb(255, 255, 255);\">Arbetsschema 2026<\/a>&nbsp;(publicerad 2026-03-16)<\/p>\t\t\t\t\t\t<\/div>\n\t\t\t\t<\/div>\n\t\t\t\t\t<\/div>\n\t\t<\/div>\n\t\t\t\t\t\t\t<\/div>\n\t\t<\/section>\n\t\t\t\t\t\t\t<\/div>\n\t\t","protected":false},"excerpt":{"rendered":"<p>Alla medlemmar som tr\u00e4nar\/t\u00e4vlar i v\u00e5r klubb \u00e4r uppsatta p\u00e5 SGRK funktion\u00e4rsschema och arbetsdagar. Beroende p\u00e5 vilka uppdrag man f\u00e5tt&#8230;<\/p>\n","protected":false},"author":1,"featured_media":0,"parent":0,"menu_order":0,"comment_status":"closed","ping_status":"closed","template":"","meta":{"footnotes":""},"class_list":["post-2872","page","type-page","status-publish","hentry"],"_links":{"self":[{"href":"http:\/\/sgrk.nu\/index.php\/wp-json\/wp\/v2\/pages\/2872","targetHints":{"allow":["GET"]}}],"collection":[{"href":"http:\/\/sgrk.nu\/index.php\/wp-json\/wp\/v2\/pages"}],"about":[{"href":"http:\/\/sgrk.nu\/index.php\/wp-json\/wp\/v2\/types\/page"}],"author":[{"embeddable":true,"href":"http:\/\/sgrk.nu\/index.php\/wp-json\/wp\/v2\/users\/1"}],"replies":[{"embeddable":true,"href":"http:\/\/sgrk.nu\/index.php\/wp-json\/wp\/v2\/comments?post=2872"}],"version-history":[{"count":10,"href":"http:\/\/sgrk.nu\/index.php\/wp-json\/wp\/v2\/pages\/2872\/revisions"}],"predecessor-version":[{"id":2883,"href":"http:\/\/sgrk.nu\/index.php\/wp-json\/wp\/v2\/pages\/2872\/revisions\/2883"}],"wp:attachment":[{"href":"http:\/\/sgrk.nu\/index.php\/wp-json\/wp\/v2\/media?parent=2872"}],"curies":[{"name":"wp","href":"https:\/\/api.w.org\/{rel}","templated":true}]}}