{"id":84,"date":"2022-11-06T19:29:10","date_gmt":"2022-11-06T19:29:10","guid":{"rendered":"http:\/\/ridsport.kfmconsulting.se\/?page_id=84"},"modified":"2024-03-10T12:51:54","modified_gmt":"2024-03-10T12:51:54","slug":"klubbklader","status":"publish","type":"page","link":"http:\/\/sgrk.nu\/index.php\/klubbklader\/","title":{"rendered":"Klubbkl\u00e4der"},"content":{"rendered":"\t\t<div data-elementor-type=\"wp-page\" data-elementor-id=\"84\" class=\"elementor elementor-84\">\n\t\t\t\t\t\t\t\t\t<section class=\"elementor-section elementor-top-section elementor-element elementor-element-69ea032b elementor-section-boxed elementor-section-height-default elementor-section-height-default\" data-id=\"69ea032b\" data-element_type=\"section\">\n\t\t\t\t\t\t<div class=\"elementor-container elementor-column-gap-default\">\n\t\t\t\t\t<div class=\"elementor-column elementor-col-100 elementor-top-column elementor-element elementor-element-60638df7\" data-id=\"60638df7\" data-element_type=\"column\">\n\t\t\t<div class=\"elementor-widget-wrap elementor-element-populated\">\n\t\t\t\t\t\t\t\t<div class=\"elementor-element elementor-element-47b45391 elementor-widget elementor-widget-text-editor\" data-id=\"47b45391\" data-element_type=\"widget\" data-widget_type=\"text-editor.default\">\n\t\t\t\t<div class=\"elementor-widget-container\">\n\t\t\t<style>\/*! elementor - v3.17.0 - 25-10-2023 *\/\n.elementor-widget-text-editor.elementor-drop-cap-view-stacked .elementor-drop-cap{background-color:#69727d;color:#fff}.elementor-widget-text-editor.elementor-drop-cap-view-framed .elementor-drop-cap{color:#69727d;border:3px solid;background-color:transparent}.elementor-widget-text-editor:not(.elementor-drop-cap-view-default) .elementor-drop-cap{margin-top:8px}.elementor-widget-text-editor:not(.elementor-drop-cap-view-default) .elementor-drop-cap-letter{width:1em;height:1em}.elementor-widget-text-editor .elementor-drop-cap{float:left;text-align:center;line-height:1;font-size:50px}.elementor-widget-text-editor .elementor-drop-cap-letter{display:inline-block}<\/style>\t\t\t\t<p><!-- wp:paragraph --><\/p>\n<p>Missa inte att best\u00e4lla v\u00e5ra fina kl\u00e4der och saker med v\u00e5r klubblogga p\u00e5.\u00a0<br \/>Tillsammans med Butiken i stallet har vi ett stort utbud av kl\u00e4der till ryttaren\/kusken och saker till h\u00e4sten.<br \/>Saknar du n\u00e5got du vill ska finnas i utbudet s\u00e5 kontakta Kajsa Melin, kajsa.melin@sgrk.nu.<\/p>\n<p><!-- \/wp:paragraph --><!-- wp:paragraph --><\/p>\n<p><strong><a href=\"https:\/\/www.butikenistallet.se\/klubbklader\/klubbar\/sodra-gotlands-rk\/\" data-type=\"URL\" data-id=\"https:\/\/www.butikenistallet.se\/klubbklader\/klubbar\/sodra-gotlands-rk\/\">Till webbshoppen<\/a><\/strong><\/p>\n<p><!-- \/wp:paragraph --><\/p>\t\t\t\t\t\t<\/div>\n\t\t\t\t<\/div>\n\t\t\t\t\t<\/div>\n\t\t<\/div>\n\t\t\t\t\t\t\t<\/div>\n\t\t<\/section>\n\t\t\t\t\t\t\t<\/div>\n\t\t","protected":false},"excerpt":{"rendered":"<p>Missa inte att best\u00e4lla v\u00e5ra fina kl\u00e4der och saker med v\u00e5r klubblogga p\u00e5.\u00a0Tillsammans med Butiken i stallet har vi ett&#8230;<\/p>\n","protected":false},"author":1,"featured_media":0,"parent":0,"menu_order":0,"comment_status":"closed","ping_status":"closed","template":"","meta":{"footnotes":""},"class_list":["post-84","page","type-page","status-publish","hentry"],"_links":{"self":[{"href":"http:\/\/sgrk.nu\/index.php\/wp-json\/wp\/v2\/pages\/84","targetHints":{"allow":["GET"]}}],"collection":[{"href":"http:\/\/sgrk.nu\/index.php\/wp-json\/wp\/v2\/pages"}],"about":[{"href":"http:\/\/sgrk.nu\/index.php\/wp-json\/wp\/v2\/types\/page"}],"author":[{"embeddable":true,"href":"http:\/\/sgrk.nu\/index.php\/wp-json\/wp\/v2\/users\/1"}],"replies":[{"embeddable":true,"href":"http:\/\/sgrk.nu\/index.php\/wp-json\/wp\/v2\/comments?post=84"}],"version-history":[{"count":11,"href":"http:\/\/sgrk.nu\/index.php\/wp-json\/wp\/v2\/pages\/84\/revisions"}],"predecessor-version":[{"id":1396,"href":"http:\/\/sgrk.nu\/index.php\/wp-json\/wp\/v2\/pages\/84\/revisions\/1396"}],"wp:attachment":[{"href":"http:\/\/sgrk.nu\/index.php\/wp-json\/wp\/v2\/media?parent=84"}],"curies":[{"name":"wp","href":"https:\/\/api.w.org\/{rel}","templated":true}]}}