{"id":94,"date":"2022-11-06T19:30:29","date_gmt":"2022-11-06T19:30:29","guid":{"rendered":"http:\/\/ridsport.kfmconsulting.se\/?page_id=94"},"modified":"2025-11-04T08:45:32","modified_gmt":"2025-11-04T08:45:32","slug":"klubbmasterskap","status":"publish","type":"page","link":"http:\/\/sgrk.nu\/index.php\/klubbmasterskap\/","title":{"rendered":"Klubbm\u00e4sterskap"},"content":{"rendered":"\t\t<div data-elementor-type=\"wp-page\" data-elementor-id=\"94\" class=\"elementor elementor-94\">\n\t\t\t\t\t\t\t\t\t<section class=\"elementor-section elementor-top-section elementor-element elementor-element-225832e elementor-section-boxed elementor-section-height-default elementor-section-height-default\" data-id=\"225832e\" data-element_type=\"section\">\n\t\t\t\t\t\t<div class=\"elementor-container elementor-column-gap-default\">\n\t\t\t\t\t<div class=\"elementor-column elementor-col-100 elementor-top-column elementor-element elementor-element-c667058\" data-id=\"c667058\" data-element_type=\"column\">\n\t\t\t<div class=\"elementor-widget-wrap elementor-element-populated\">\n\t\t\t\t\t\t\t\t<div class=\"elementor-element elementor-element-1095b967 elementor-widget elementor-widget-text-editor\" data-id=\"1095b967\" data-element_type=\"widget\" data-widget_type=\"text-editor.default\">\n\t\t\t\t<div class=\"elementor-widget-container\">\n\t\t\t<style>\/*! elementor - v3.17.0 - 25-10-2023 *\/\n.elementor-widget-text-editor.elementor-drop-cap-view-stacked .elementor-drop-cap{background-color:#69727d;color:#fff}.elementor-widget-text-editor.elementor-drop-cap-view-framed .elementor-drop-cap{color:#69727d;border:3px solid;background-color:transparent}.elementor-widget-text-editor:not(.elementor-drop-cap-view-default) .elementor-drop-cap{margin-top:8px}.elementor-widget-text-editor:not(.elementor-drop-cap-view-default) .elementor-drop-cap-letter{width:1em;height:1em}.elementor-widget-text-editor .elementor-drop-cap{float:left;text-align:center;line-height:1;font-size:50px}.elementor-widget-text-editor .elementor-drop-cap-letter{display:inline-block}<\/style>\t\t\t\t<p><!-- wp:paragraph --><\/p>\n<p>H\u00e4r hittar ni reglerna f\u00f6r klubbm\u00e4sterskapen i de olika grenarna. Klicka p\u00e5 fliken f\u00f6r respektive gren.\u00a0<\/p>\n<p><!-- \/wp:paragraph --><\/p>\n<p><!-- wp:paragraph --><\/p>\n<p>KM \u00e4r \u00f6ppet f\u00f6r alla medlemmar. T\u00e4vlar man f\u00f6r flera klubbar m\u00e5ste man v\u00e4lja vilken klubb man rider KM f\u00f6r.<br \/>H\u00e4sten\/ponnyn m\u00e5ste vara vaccinerad f\u00f6r att f\u00e5 starta.<\/p>\n<p><!-- \/wp:paragraph --><\/p>\t\t\t\t\t\t<\/div>\n\t\t\t\t<\/div>\n\t\t\t\t\t<\/div>\n\t\t<\/div>\n\t\t\t\t\t\t\t<\/div>\n\t\t<\/section>\n\t\t\t\t<section class=\"elementor-section elementor-top-section elementor-element elementor-element-f443eb9 elementor-section-boxed elementor-section-height-default elementor-section-height-default\" data-id=\"f443eb9\" data-element_type=\"section\">\n\t\t\t\t\t\t<div class=\"elementor-container elementor-column-gap-default\">\n\t\t\t\t\t<div class=\"elementor-column elementor-col-66 elementor-top-column elementor-element elementor-element-9da3d81\" data-id=\"9da3d81\" data-element_type=\"column\">\n\t\t\t<div class=\"elementor-widget-wrap elementor-element-populated\">\n\t\t\t\t\t\t\t\t<div class=\"elementor-element elementor-element-8293dd5 elementor-tabs-view-horizontal elementor-widget elementor-widget-tabs\" data-id=\"8293dd5\" data-element_type=\"widget\" data-widget_type=\"tabs.default\">\n\t\t\t\t<div class=\"elementor-widget-container\">\n\t\t\t<style>\/*! elementor - v3.17.0 - 25-10-2023 *\/\n.elementor-widget-tabs.elementor-tabs-view-vertical .elementor-tabs-wrapper{width:25%;flex-shrink:0}.elementor-widget-tabs.elementor-tabs-view-vertical .elementor-tab-desktop-title.elementor-active{border-right-style:none}.elementor-widget-tabs.elementor-tabs-view-vertical .elementor-tab-desktop-title.elementor-active:after,.elementor-widget-tabs.elementor-tabs-view-vertical .elementor-tab-desktop-title.elementor-active:before{height:999em;width:0;right:0;border-right-style:solid}.elementor-widget-tabs.elementor-tabs-view-vertical .elementor-tab-desktop-title.elementor-active:before{top:0;transform:translateY(-100%)}.elementor-widget-tabs.elementor-tabs-view-vertical .elementor-tab-desktop-title.elementor-active:after{top:100%}.elementor-widget-tabs.elementor-tabs-view-horizontal .elementor-tab-desktop-title{display:table-cell}.elementor-widget-tabs.elementor-tabs-view-horizontal .elementor-tab-desktop-title.elementor-active{border-bottom-style:none}.elementor-widget-tabs.elementor-tabs-view-horizontal .elementor-tab-desktop-title.elementor-active:after,.elementor-widget-tabs.elementor-tabs-view-horizontal .elementor-tab-desktop-title.elementor-active:before{bottom:0;height:0;width:999em;border-bottom-style:solid}.elementor-widget-tabs.elementor-tabs-view-horizontal .elementor-tab-desktop-title.elementor-active:before{right:100%}.elementor-widget-tabs.elementor-tabs-view-horizontal .elementor-tab-desktop-title.elementor-active:after{left:100%}.elementor-widget-tabs .elementor-tab-content,.elementor-widget-tabs .elementor-tab-title,.elementor-widget-tabs .elementor-tab-title:after,.elementor-widget-tabs .elementor-tab-title:before,.elementor-widget-tabs .elementor-tabs-content-wrapper{border:1px #d5d8dc}.elementor-widget-tabs .elementor-tabs{text-align:left}.elementor-widget-tabs .elementor-tabs-wrapper{overflow:hidden}.elementor-widget-tabs .elementor-tab-title{cursor:pointer;outline:var(--focus-outline,none)}.elementor-widget-tabs .elementor-tab-desktop-title{position:relative;padding:20px 25px;font-weight:700;line-height:1;border:solid transparent}.elementor-widget-tabs .elementor-tab-desktop-title.elementor-active{border-color:#d5d8dc}.elementor-widget-tabs .elementor-tab-desktop-title.elementor-active:after,.elementor-widget-tabs .elementor-tab-desktop-title.elementor-active:before{display:block;content:\"\";position:absolute}.elementor-widget-tabs .elementor-tab-desktop-title:focus-visible{border:1px solid #000}.elementor-widget-tabs .elementor-tab-mobile-title{padding:10px;cursor:pointer}.elementor-widget-tabs .elementor-tab-content{padding:20px;display:none}@media (max-width:767px){.elementor-tabs .elementor-tab-content,.elementor-tabs .elementor-tab-title{border-style:solid solid none}.elementor-tabs .elementor-tabs-wrapper{display:none}.elementor-tabs .elementor-tabs-content-wrapper{border-bottom-style:solid}.elementor-tabs .elementor-tab-content{padding:10px}}@media (min-width:768px){.elementor-widget-tabs.elementor-tabs-view-vertical .elementor-tabs{display:flex}.elementor-widget-tabs.elementor-tabs-view-vertical .elementor-tabs-wrapper{flex-direction:column}.elementor-widget-tabs.elementor-tabs-view-vertical .elementor-tabs-content-wrapper{flex-grow:1;border-style:solid solid solid none}.elementor-widget-tabs.elementor-tabs-view-horizontal .elementor-tab-content{border-style:none solid solid}.elementor-widget-tabs.elementor-tabs-alignment-center .elementor-tabs-wrapper,.elementor-widget-tabs.elementor-tabs-alignment-end .elementor-tabs-wrapper,.elementor-widget-tabs.elementor-tabs-alignment-stretch .elementor-tabs-wrapper{display:flex}.elementor-widget-tabs.elementor-tabs-alignment-center .elementor-tabs-wrapper{justify-content:center}.elementor-widget-tabs.elementor-tabs-alignment-end .elementor-tabs-wrapper{justify-content:flex-end}.elementor-widget-tabs.elementor-tabs-alignment-stretch.elementor-tabs-view-horizontal .elementor-tab-title{width:100%}.elementor-widget-tabs.elementor-tabs-alignment-stretch.elementor-tabs-view-vertical .elementor-tab-title{height:100%}.elementor-tabs .elementor-tab-mobile-title{display:none}}<\/style>\t\t<div class=\"elementor-tabs\">\n\t\t\t<div class=\"elementor-tabs-wrapper\" role=\"tablist\" >\n\t\t\t\t\t\t\t\t\t<div id=\"elementor-tab-title-1361\" class=\"elementor-tab-title elementor-tab-desktop-title\" aria-selected=\"true\" data-tab=\"1\" role=\"tab\" tabindex=\"0\" aria-controls=\"elementor-tab-content-1361\" aria-expanded=\"false\">Hoppning<\/div>\n\t\t\t\t\t\t\t\t\t<div id=\"elementor-tab-title-1362\" class=\"elementor-tab-title elementor-tab-desktop-title\" aria-selected=\"false\" data-tab=\"2\" role=\"tab\" tabindex=\"-1\" aria-controls=\"elementor-tab-content-1362\" aria-expanded=\"false\">Dressyr<\/div>\n\t\t\t\t\t\t\t\t\t<div id=\"elementor-tab-title-1363\" class=\"elementor-tab-title elementor-tab-desktop-title\" aria-selected=\"false\" data-tab=\"3\" role=\"tab\" tabindex=\"-1\" aria-controls=\"elementor-tab-content-1363\" aria-expanded=\"false\">Sportk\u00f6rning<\/div>\n\t\t\t\t\t\t\t\t\t<div id=\"elementor-tab-title-1364\" class=\"elementor-tab-title elementor-tab-desktop-title\" aria-selected=\"false\" data-tab=\"4\" role=\"tab\" tabindex=\"-1\" aria-controls=\"elementor-tab-content-1364\" aria-expanded=\"false\">Working Equitation<\/div>\n\t\t\t\t\t\t\t<\/div>\n\t\t\t<div class=\"elementor-tabs-content-wrapper\" role=\"tablist\" aria-orientation=\"vertical\">\n\t\t\t\t\t\t\t\t\t<div class=\"elementor-tab-title elementor-tab-mobile-title\" aria-selected=\"true\" data-tab=\"1\" role=\"tab\" tabindex=\"0\" aria-controls=\"elementor-tab-content-1361\" aria-expanded=\"false\">Hoppning<\/div>\n\t\t\t\t\t<div id=\"elementor-tab-content-1361\" class=\"elementor-tab-content elementor-clearfix\" data-tab=\"1\" role=\"tabpanel\" aria-labelledby=\"elementor-tab-title-1361\" tabindex=\"0\" hidden=\"false\"><h4>Hoppning<\/h4>\n<ul>\n<li>Man f\u00e5r vara med p\u00e5 tv\u00e5 h\u00e4star och tv\u00e5 ponnyer i varje kategori.<\/li>\n<li>Man hoppar p\u00e5 den h\u00f6jd man tr\u00e4nar och t\u00e4vlar i (t\u00e4vlar man tex LB och LA s\u00e5 f\u00e5r man t\u00e4vla km i LB)<\/li>\n<li>Bed\u00f6mning A\/A:0 med totalfel<br \/>(Minsta fel totalt i fas 1 och 2 och snabbast tid i fas 2 vinner)<\/li>\n<li>Ponny: v\u00e4lj h\u00f6jd LC &#8211; LA<br \/>Ridh\u00e4st: v\u00e4lj h\u00f6jd 100 cm -130 cm<\/li>\n<li>Placeringar enl. f\u00f6ljande:\n<ul>\n<li>Vid 2 starter delas guld ut<\/li>\n<li>Vid 3-4 starter delas guld och silver ut<\/li>\n<li>Vid minst 5 starter delas guld, silver och brons ut.<\/li>\n<\/ul>\n<\/li>\n<\/ul><\/div>\n\t\t\t\t\t\t\t\t\t<div class=\"elementor-tab-title elementor-tab-mobile-title\" aria-selected=\"false\" data-tab=\"2\" role=\"tab\" tabindex=\"-1\" aria-controls=\"elementor-tab-content-1362\" aria-expanded=\"false\">Dressyr<\/div>\n\t\t\t\t\t<div id=\"elementor-tab-content-1362\" class=\"elementor-tab-content elementor-clearfix\" data-tab=\"2\" role=\"tabpanel\" aria-labelledby=\"elementor-tab-title-1362\" tabindex=\"0\" hidden=\"hidden\"><h4>Dressyr<\/h4>\n<ul>\n<li>En ritt per ryttare och h\u00e4st\/ponny.<br \/>Vill man starta med flera ekipage startas de utom t\u00e4vlan.<\/li>\n<li>Man t\u00e4vlar p\u00e5 den niv\u00e5n man brukar t\u00e4vla.<\/li>\n<li>Resultatet r\u00e4knas i procent och den med h\u00f6gst procent vinner.<\/li>\n<li>Vid samma antal procent skall po\u00e4ngen fr\u00e5n allm\u00e4nna intryck skilja ekipagen \u00e5t.<\/li>\n<li>Kl\u00e4dseln ska vara prydlig och man skall vara hel och ren, men man beh\u00f6ver inte vara t\u00e4vlingskl\u00e4dd.<\/li>\n<\/ul><\/div>\n\t\t\t\t\t\t\t\t\t<div class=\"elementor-tab-title elementor-tab-mobile-title\" aria-selected=\"false\" data-tab=\"3\" role=\"tab\" tabindex=\"-1\" aria-controls=\"elementor-tab-content-1363\" aria-expanded=\"false\">Sportk\u00f6rning<\/div>\n\t\t\t\t\t<div id=\"elementor-tab-content-1363\" class=\"elementor-tab-content elementor-clearfix\" data-tab=\"3\" role=\"tabpanel\" aria-labelledby=\"elementor-tab-title-1363\" tabindex=\"0\" hidden=\"hidden\"><h4>Sportk\u00f6rning<\/h4>\n<p>KM k\u00f6rs i 2 olika niv\u00e5er &#8221;Stora KM&#8221; och &#8221;Lilla KM&#8221; i Dressyr (Respektive klass dressyrprogram) och Precision Bed\u00f6mning A:0 (respektive klass sv\u00e5righetsgrad &#8211; hinderbredd\/maxtid).<\/p>\n<p>Stora KM k\u00f6rs i MSV klass (Enbet, Par\/Fyrspann, J\/YD och Para).<br \/>Lilla KM k\u00f6rs i L\u00e4tt B och L\u00e4tt A. (Alla k\u00f6r t\u00e4vlingsklass).<\/p><\/div>\n\t\t\t\t\t\t\t\t\t<div class=\"elementor-tab-title elementor-tab-mobile-title\" aria-selected=\"false\" data-tab=\"4\" role=\"tab\" tabindex=\"-1\" aria-controls=\"elementor-tab-content-1364\" aria-expanded=\"false\">Working Equitation<\/div>\n\t\t\t\t\t<div id=\"elementor-tab-content-1364\" class=\"elementor-tab-content elementor-clearfix\" data-tab=\"4\" role=\"tabpanel\" aria-labelledby=\"elementor-tab-title-1364\" tabindex=\"0\" hidden=\"hidden\"><h4>Working Equitation<\/h4>\n<p>Man f\u00e5r vara med p\u00e5 en h\u00e4st och en ponny i varje kategori. Man rider p\u00e5\u00a0 den klass man tr\u00e4nar och t\u00e4vlar i (t\u00e4vlar man t.ex. i LB\/LA s\u00e5 f\u00e5r man rida i LB om man vill).\u00a0<\/p>\n<p>Placeringar enligt f\u00f6ljande:<br \/>Vid 2 starter delas guld ut.<br \/>Vid 3-4 starter delas guld och silver ut.\u00a0<br \/>Vid minst 5 starter delas guld, silver och brons ut.\u00a0<br \/>Rosett delas ut p\u00e5 dagen.\u00a0<\/p>\n<p>B\u00e4sta seniorekipage och b\u00e4sta juniorekipage\u00a0 kommer att f\u00e5 ett extra fint pris som delas ut p\u00e5 klubbfesten.\u00a0<\/p><\/div>\n\t\t\t\t\t\t\t<\/div>\n\t\t<\/div>\n\t\t\t\t<\/div>\n\t\t\t\t<\/div>\n\t\t\t\t\t<\/div>\n\t\t<\/div>\n\t\t\t\t<div class=\"elementor-column elementor-col-33 elementor-top-column elementor-element elementor-element-ea520b0\" data-id=\"ea520b0\" data-element_type=\"column\">\n\t\t\t<div class=\"elementor-widget-wrap elementor-element-populated\">\n\t\t\t\t\t\t\t\t<div class=\"elementor-element elementor-element-833febb elementor-widget elementor-widget-image\" data-id=\"833febb\" data-element_type=\"widget\" data-widget_type=\"image.default\">\n\t\t\t\t<div class=\"elementor-widget-container\">\n\t\t\t<style>\/*! elementor - v3.17.0 - 25-10-2023 *\/\n.elementor-widget-image{text-align:center}.elementor-widget-image a{display:inline-block}.elementor-widget-image a img[src$=\".svg\"]{width:48px}.elementor-widget-image img{vertical-align:middle;display:inline-block}<\/style>\t\t\t\t\t\t\t\t\t\t\t\t<img loading=\"lazy\" decoding=\"async\" width=\"694\" height=\"925\" src=\"http:\/\/sgrk.nu\/wp-content\/uploads\/2024\/03\/KM-rosett.jpg\" class=\"attachment-large size-large wp-image-1397\" alt=\"\" srcset=\"http:\/\/sgrk.nu\/wp-content\/uploads\/2024\/03\/KM-rosett.jpg 694w, http:\/\/sgrk.nu\/wp-content\/uploads\/2024\/03\/KM-rosett-225x300.jpg 225w\" sizes=\"auto, (max-width: 694px) 100vw, 694px\" \/>\t\t\t\t\t\t\t\t\t\t\t\t\t\t\t<\/div>\n\t\t\t\t<\/div>\n\t\t\t\t\t<\/div>\n\t\t<\/div>\n\t\t\t\t\t\t\t<\/div>\n\t\t<\/section>\n\t\t\t\t\t\t\t<\/div>\n\t\t","protected":false},"excerpt":{"rendered":"<p>H\u00e4r hittar ni reglerna f\u00f6r klubbm\u00e4sterskapen i de olika grenarna. Klicka p\u00e5 fliken f\u00f6r respektive gren.\u00a0 KM \u00e4r \u00f6ppet f\u00f6r&#8230;<\/p>\n","protected":false},"author":1,"featured_media":0,"parent":0,"menu_order":0,"comment_status":"closed","ping_status":"closed","template":"","meta":{"footnotes":""},"class_list":["post-94","page","type-page","status-publish","hentry"],"_links":{"self":[{"href":"http:\/\/sgrk.nu\/index.php\/wp-json\/wp\/v2\/pages\/94","targetHints":{"allow":["GET"]}}],"collection":[{"href":"http:\/\/sgrk.nu\/index.php\/wp-json\/wp\/v2\/pages"}],"about":[{"href":"http:\/\/sgrk.nu\/index.php\/wp-json\/wp\/v2\/types\/page"}],"author":[{"embeddable":true,"href":"http:\/\/sgrk.nu\/index.php\/wp-json\/wp\/v2\/users\/1"}],"replies":[{"embeddable":true,"href":"http:\/\/sgrk.nu\/index.php\/wp-json\/wp\/v2\/comments?post=94"}],"version-history":[{"count":35,"href":"http:\/\/sgrk.nu\/index.php\/wp-json\/wp\/v2\/pages\/94\/revisions"}],"predecessor-version":[{"id":2771,"href":"http:\/\/sgrk.nu\/index.php\/wp-json\/wp\/v2\/pages\/94\/revisions\/2771"}],"wp:attachment":[{"href":"http:\/\/sgrk.nu\/index.php\/wp-json\/wp\/v2\/media?parent=94"}],"curies":[{"name":"wp","href":"https:\/\/api.w.org\/{rel}","templated":true}]}}