{"id":96,"date":"2022-11-06T19:30:48","date_gmt":"2022-11-06T19:30:48","guid":{"rendered":"http:\/\/ridsport.kfmconsulting.se\/?page_id=96"},"modified":"2026-03-15T10:29:55","modified_gmt":"2026-03-15T10:29:55","slug":"traningar-i-klubbens-regi","status":"publish","type":"page","link":"http:\/\/sgrk.nu\/index.php\/traningar-i-klubbens-regi\/","title":{"rendered":"Tr\u00e4ningar i klubbens regi"},"content":{"rendered":"\t\t<div data-elementor-type=\"wp-page\" data-elementor-id=\"96\" class=\"elementor elementor-96\">\n\t\t\t\t\t\t\t\t\t<section class=\"elementor-section elementor-top-section elementor-element elementor-element-aad113e elementor-section-boxed elementor-section-height-default elementor-section-height-default\" data-id=\"aad113e\" data-element_type=\"section\">\n\t\t\t\t\t\t<div class=\"elementor-container elementor-column-gap-default\">\n\t\t\t\t\t<div class=\"elementor-column elementor-col-100 elementor-top-column elementor-element elementor-element-4fb976ff\" data-id=\"4fb976ff\" data-element_type=\"column\">\n\t\t\t<div class=\"elementor-widget-wrap elementor-element-populated\">\n\t\t\t\t\t\t\t\t<div class=\"elementor-element elementor-element-634fa2b elementor-widget elementor-widget-text-editor\" data-id=\"634fa2b\" data-element_type=\"widget\" data-widget_type=\"text-editor.default\">\n\t\t\t\t<div class=\"elementor-widget-container\">\n\t\t\t<style>\/*! elementor - v3.17.0 - 25-10-2023 *\/\n.elementor-widget-text-editor.elementor-drop-cap-view-stacked .elementor-drop-cap{background-color:#69727d;color:#fff}.elementor-widget-text-editor.elementor-drop-cap-view-framed .elementor-drop-cap{color:#69727d;border:3px solid;background-color:transparent}.elementor-widget-text-editor:not(.elementor-drop-cap-view-default) .elementor-drop-cap{margin-top:8px}.elementor-widget-text-editor:not(.elementor-drop-cap-view-default) .elementor-drop-cap-letter{width:1em;height:1em}.elementor-widget-text-editor .elementor-drop-cap{float:left;text-align:center;line-height:1;font-size:50px}.elementor-widget-text-editor .elementor-drop-cap-letter{display:inline-block}<\/style>\t\t\t\t<p>S\u00f6dra Gotlands Rid- och K\u00f6rklubb arrangeras regelbundet tr\u00e4ningar. Tr\u00e4ningarna \u00e4r i Sudergutarnas ridhus i Havdhem p\u00e5 kv\u00e4llstid om inget annat anges. Medlemmar har f\u00f6rtur p\u00e5 platserna.<\/p>\n<p><b>M\u00e5ndagar:<br><\/b>J\u00e4mn vecka &#8211; Gemma Johnsson (WE, Dressyr)<br>Oj\u00e4mn vecka &#8211; Sanna-Marie Pettersson (Dressyr)<\/p>\n<p><b>Tisdagar:<\/b><br>Maria Ankarcrona (Dressyr)<\/p>\n<p><b>Onsdagar:<\/b><br>J\u00e4mn vecka &#8211; Ewa Weijmar Kolmodin (t\u00f6mk\u00f6rning)<br>Oj\u00e4mn vecka, n\u00e5gra enstaka tillf\u00e4llen &#8211; L\u00f6shoppning&nbsp;<\/p>\n<p><b>Torsdagar:<\/b><br>Louise Sj\u00f6strand (Markarbete och hoppning)<\/p>\n<p>F\u00f6ljande tr\u00e4nare \u00e4r verksamma just nu:<\/p>\n<p><!-- \/wp:paragraph --><\/p>\n<p><!-- wp:paragraph --><\/p>\n<p><strong>Maria Ankarcrona<br><\/strong>Tisdagar.&nbsp;<br>Dressyrtr\u00e4ning med fokus p\u00e5 grunder, l\u00f6sgjordhet, sits och kommunikation f\u00f6r Maria&nbsp; Ankarcrona. Ridl\u00e4rare i 25 \u00e5r samt licensierad LA domare i dressyr. Enskild tr\u00e4ning, 350 kr f\u00f6r 30 minuter. Det g\u00e5r \u00e4ven att f\u00e5 tr\u00e4ning i grupp. Anm\u00e4lan till Maria 070 731 41 33 eller via messenger Ankarcrona dressyr.<\/p>\n<p><!-- \/wp:paragraph --><\/p>\n<p><!-- wp:paragraph --><\/p>\n<p><b style=\"color: var( --e-global-color-text ); font-family: var( --e-global-typography-text-font-family ), Sans-serif;\">Gemma Johnson<br><\/b><span style=\"color: var( --e-global-color-text ); font-family: var( --e-global-typography-text-font-family ), Sans-serif; font-weight: var( --e-global-typography-text-font-weight );\">M\u00e5ndagar, j\u00e4mna veckor.<br><\/span>WE tr\u00e4ning f\u00f6r Gemma Johnson. Ridgl\u00e4dje.com. Grupptr\u00e4ning 2-4 ekipage, 350 kr f\u00f6r 160 min. Enskilt 450 kr f\u00f6r 30 minuter. Start 1 september, v 36. Anm\u00e4lan och betalning inf\u00f6r varje tillf\u00e4lle till Gemma 073 046 79 51.<\/p>\n<p><b style=\"color: var( --e-global-color-text ); font-family: var( --e-global-typography-text-font-family ), Sans-serif;\">Sanna-Marie Pettersson<br><\/b>M\u00e5ndagar, oj\u00e4mna veckor. <br>Dressyrtr\u00e4ning f\u00f6r Sanna-Marie Pettersson. Licensierad c-tr\u00e4nare i dressyr. Enskild tr\u00e4ning, 550 kr f\u00f6r 30 minuter. Plus ridhusavgift. Anm\u00e4lan instagram\/facebook sannamarie.se alternativt messengergrupp: Sanna-marie SGRK Havdhem.&nbsp;<\/p>\n<p><b>Eva Kolmodin Weijmar<\/b><br>Onsdagar, j\u00e4mna veckor. <br>T\u00f6mk\u00f6rning f\u00f6r Ewa Kolmodin Weijmar. Enskild tr\u00e4ning 30 min alt 45 min. Kostnad 4 x 30 min 1200 kr, 4 x 45 min 1400 kr. Anm\u00e4lan till Ewa 073 667 75 51 alternativt p\u00e5 messenger.<\/p>\n<p><b>L\u00f6shoppning<\/b><br>Onsdagar, oj\u00e4mna veckor.&nbsp;<br>L\u00f6shoppning arrangerat av Josefin Esperansa. Kommer att ske vid n\u00e5gra tillf\u00e4llen under v\u00e5ren. A Mer info kommer p\u00e5 klubbens sociala medier.<br>\nAnm\u00e4lan via sms 073 022 77 25 eller messenger.<\/p>\n<p><span lang=\"en-SE\"><o:p><\/o:p><\/span><\/p>\n<p><b>Louise Sj\u00f6strand<br><\/b>Hopptr\u00e4ning och markarbete f\u00f6r Louise Sj\u00f6strand.<br>Hopp oj\u00e4mna veckor, markarbete j\u00e4mna veckor. <br>En omg\u00e5ng best\u00e5r av tre lektioner. Faktura kommer fr\u00e5n klubben, rider man b\u00e5de hopp och markarbete f\u00e5r man en faktura f\u00f6r tre lektioner hopp och en faktura f\u00f6r tre lektioner markarbete. Kostnad per lektion 320 kr till Louise och 25 kronor till ridhushyran. Totalt 345 kr per lektion och 1 035 kr per omg\u00e5ng och gren. Om man inte kan rida f\u00e5r man f\u00f6rs\u00f6ka att hitta en reserv. Reserven betalar d\u00e5 direkt till ordinarie f\u00f6r sin lektion. Anm\u00e4l till Linda Hallgren tele 073-650 61 03 eller Messenger, eller facebook-grupp SGRK &#8211; Hopp Louise 2025.<\/p>\n<div>&nbsp;<\/div>\n<p><\/p>\n<p><!-- \/wp:paragraph --><\/p>\n<p><!-- wp:paragraph --><\/p>\n<p><!-- \/wp:paragraph --><\/p>\t\t\t\t\t\t<\/div>\n\t\t\t\t<\/div>\n\t\t\t\t\t<\/div>\n\t\t<\/div>\n\t\t\t\t\t\t\t<\/div>\n\t\t<\/section>\n\t\t\t\t\t\t\t<\/div>\n\t\t","protected":false},"excerpt":{"rendered":"<p>S\u00f6dra Gotlands Rid- och K\u00f6rklubb arrangeras regelbundet tr\u00e4ningar. Tr\u00e4ningarna \u00e4r i Sudergutarnas ridhus i Havdhem p\u00e5 kv\u00e4llstid om inget annat&#8230;<\/p>\n","protected":false},"author":1,"featured_media":0,"parent":0,"menu_order":0,"comment_status":"closed","ping_status":"closed","template":"","meta":{"footnotes":""},"class_list":["post-96","page","type-page","status-publish","hentry"],"_links":{"self":[{"href":"http:\/\/sgrk.nu\/index.php\/wp-json\/wp\/v2\/pages\/96","targetHints":{"allow":["GET"]}}],"collection":[{"href":"http:\/\/sgrk.nu\/index.php\/wp-json\/wp\/v2\/pages"}],"about":[{"href":"http:\/\/sgrk.nu\/index.php\/wp-json\/wp\/v2\/types\/page"}],"author":[{"embeddable":true,"href":"http:\/\/sgrk.nu\/index.php\/wp-json\/wp\/v2\/users\/1"}],"replies":[{"embeddable":true,"href":"http:\/\/sgrk.nu\/index.php\/wp-json\/wp\/v2\/comments?post=96"}],"version-history":[{"count":26,"href":"http:\/\/sgrk.nu\/index.php\/wp-json\/wp\/v2\/pages\/96\/revisions"}],"predecessor-version":[{"id":2871,"href":"http:\/\/sgrk.nu\/index.php\/wp-json\/wp\/v2\/pages\/96\/revisions\/2871"}],"wp:attachment":[{"href":"http:\/\/sgrk.nu\/index.php\/wp-json\/wp\/v2\/media?parent=96"}],"curies":[{"name":"wp","href":"https:\/\/api.w.org\/{rel}","templated":true}]}}