{"id":98,"date":"2022-11-06T19:31:20","date_gmt":"2022-11-06T19:31:20","guid":{"rendered":"http:\/\/ridsport.kfmconsulting.se\/?page_id=98"},"modified":"2026-04-26T15:08:22","modified_gmt":"2026-04-26T15:08:22","slug":"gropen","status":"publish","type":"page","link":"http:\/\/sgrk.nu\/index.php\/gropen\/","title":{"rendered":"Gropen"},"content":{"rendered":"\t\t<div data-elementor-type=\"wp-page\" data-elementor-id=\"98\" class=\"elementor elementor-98\">\n\t\t\t\t\t\t\t\t\t<section class=\"elementor-section elementor-top-section elementor-element elementor-element-3ec9096 elementor-section-boxed elementor-section-height-default elementor-section-height-default\" data-id=\"3ec9096\" data-element_type=\"section\">\n\t\t\t\t\t\t<div class=\"elementor-container elementor-column-gap-default\">\n\t\t\t\t\t<div class=\"elementor-column elementor-col-100 elementor-top-column elementor-element elementor-element-c9455a7\" data-id=\"c9455a7\" data-element_type=\"column\">\n\t\t\t<div class=\"elementor-widget-wrap elementor-element-populated\">\n\t\t\t\t\t\t\t\t<div class=\"elementor-element elementor-element-4e81362 elementor-widget elementor-widget-image\" data-id=\"4e81362\" data-element_type=\"widget\" data-widget_type=\"image.default\">\n\t\t\t\t<div class=\"elementor-widget-container\">\n\t\t\t<style>\/*! elementor - v3.17.0 - 25-10-2023 *\/\n.elementor-widget-image{text-align:center}.elementor-widget-image a{display:inline-block}.elementor-widget-image a img[src$=\".svg\"]{width:48px}.elementor-widget-image img{vertical-align:middle;display:inline-block}<\/style>\t\t\t\t\t\t\t\t\t\t\t\t<img loading=\"lazy\" decoding=\"async\" width=\"1024\" height=\"578\" src=\"http:\/\/sgrk.nu\/wp-content\/uploads\/2022\/12\/Gropen_1-1024x578.jpg\" class=\"attachment-large size-large wp-image-211\" alt=\"\" srcset=\"http:\/\/sgrk.nu\/wp-content\/uploads\/2022\/12\/Gropen_1-1024x578.jpg 1024w, http:\/\/sgrk.nu\/wp-content\/uploads\/2022\/12\/Gropen_1-300x169.jpg 300w, http:\/\/sgrk.nu\/wp-content\/uploads\/2022\/12\/Gropen_1-768x434.jpg 768w, http:\/\/sgrk.nu\/wp-content\/uploads\/2022\/12\/Gropen_1.jpg 1080w\" sizes=\"auto, (max-width: 1024px) 100vw, 1024px\" \/>\t\t\t\t\t\t\t\t\t\t\t\t\t\t\t<\/div>\n\t\t\t\t<\/div>\n\t\t\t\t<div class=\"elementor-element elementor-element-720721f elementor-widget elementor-widget-text-editor\" data-id=\"720721f\" data-element_type=\"widget\" data-widget_type=\"text-editor.default\">\n\t\t\t\t<div class=\"elementor-widget-container\">\n\t\t\t<style>\/*! elementor - v3.17.0 - 25-10-2023 *\/\n.elementor-widget-text-editor.elementor-drop-cap-view-stacked .elementor-drop-cap{background-color:#69727d;color:#fff}.elementor-widget-text-editor.elementor-drop-cap-view-framed .elementor-drop-cap{color:#69727d;border:3px solid;background-color:transparent}.elementor-widget-text-editor:not(.elementor-drop-cap-view-default) .elementor-drop-cap{margin-top:8px}.elementor-widget-text-editor:not(.elementor-drop-cap-view-default) .elementor-drop-cap-letter{width:1em;height:1em}.elementor-widget-text-editor .elementor-drop-cap{float:left;text-align:center;line-height:1;font-size:50px}.elementor-widget-text-editor .elementor-drop-cap-letter{display:inline-block}<\/style>\t\t\t\t<p>Gropen \u00e4r en rid- och k\u00f6ranl\u00e4ggning bel\u00e4gen mellan St\u00e5nga och Hemse som \u00e4gs och drivs av f\u00f6reningen.<\/p><p>Marken \u00e4r ett gammalt grustag, 2.5 hektar stort. Det k\u00f6ptes in 1977 av d\u00e5varande f\u00f6reningen Hemseortens Rid- och K\u00f6rklubb. Anl\u00e4ggningen omfattar en gr\u00e4sbana, tre grusbanor, klubbstugor samt ett omr\u00e5de med k\u00f6r- och terr\u00e4nghinder.<br \/>Omr\u00e5det \u00e4r Gotlands enda permanenta kompletta anl\u00e4ggning f\u00f6r tr\u00e4ning och t\u00e4vling i k\u00f6rning.<\/p><p>I Gropen h\u00e5lls kontinuerliga tr\u00e4ningar f\u00f6r SGRKs tr\u00e4nare men ryttare och kuskar nyttjar ocks\u00e5 Gropen f\u00f6r egna tr\u00e4ningar.<\/p>\t\t\t\t\t\t<\/div>\n\t\t\t\t<\/div>\n\t\t\t\t<div class=\"elementor-element elementor-element-e5e3314 elementor-widget elementor-widget-spacer\" data-id=\"e5e3314\" data-element_type=\"widget\" data-widget_type=\"spacer.default\">\n\t\t\t\t<div class=\"elementor-widget-container\">\n\t\t\t<style>\/*! elementor - v3.17.0 - 25-10-2023 *\/\n.elementor-column .elementor-spacer-inner{height:var(--spacer-size)}.e-con{--container-widget-width:100%}.e-con-inner>.elementor-widget-spacer,.e-con>.elementor-widget-spacer{width:var(--container-widget-width,var(--spacer-size));--align-self:var(--container-widget-align-self,initial);--flex-shrink:0}.e-con-inner>.elementor-widget-spacer>.elementor-widget-container,.e-con>.elementor-widget-spacer>.elementor-widget-container{height:100%;width:100%}.e-con-inner>.elementor-widget-spacer>.elementor-widget-container>.elementor-spacer,.e-con>.elementor-widget-spacer>.elementor-widget-container>.elementor-spacer{height:100%}.e-con-inner>.elementor-widget-spacer>.elementor-widget-container>.elementor-spacer>.elementor-spacer-inner,.e-con>.elementor-widget-spacer>.elementor-widget-container>.elementor-spacer>.elementor-spacer-inner{height:var(--container-widget-height,var(--spacer-size))}.e-con-inner>.elementor-widget-spacer.elementor-widget-empty,.e-con>.elementor-widget-spacer.elementor-widget-empty{position:relative;min-height:22px;min-width:22px}.e-con-inner>.elementor-widget-spacer.elementor-widget-empty .elementor-widget-empty-icon,.e-con>.elementor-widget-spacer.elementor-widget-empty .elementor-widget-empty-icon{position:absolute;top:0;bottom:0;left:0;right:0;margin:auto;padding:0;width:22px;height:22px}<\/style>\t\t<div class=\"elementor-spacer\">\n\t\t\t<div class=\"elementor-spacer-inner\"><\/div>\n\t\t<\/div>\n\t\t\t\t<\/div>\n\t\t\t\t<\/div>\n\t\t\t\t\t<\/div>\n\t\t<\/div>\n\t\t\t\t\t\t\t<\/div>\n\t\t<\/section>\n\t\t\t\t<section class=\"elementor-section elementor-top-section elementor-element elementor-element-512d367 elementor-section-stretched elementor-section-boxed elementor-section-height-default elementor-section-height-default\" data-id=\"512d367\" data-element_type=\"section\" data-settings=\"{&quot;stretch_section&quot;:&quot;section-stretched&quot;,&quot;background_background&quot;:&quot;classic&quot;}\">\n\t\t\t\t\t\t<div class=\"elementor-container elementor-column-gap-default\">\n\t\t\t\t\t<div class=\"elementor-column elementor-col-100 elementor-top-column elementor-element elementor-element-4240b56\" data-id=\"4240b56\" data-element_type=\"column\">\n\t\t\t<div class=\"elementor-widget-wrap elementor-element-populated\">\n\t\t\t\t\t\t\t\t<section class=\"elementor-section elementor-inner-section elementor-element elementor-element-6014ba0 elementor-section-boxed elementor-section-height-default elementor-section-height-default\" data-id=\"6014ba0\" data-element_type=\"section\">\n\t\t\t\t\t\t<div class=\"elementor-container elementor-column-gap-default\">\n\t\t\t\t\t<div class=\"elementor-column elementor-col-50 elementor-inner-column elementor-element elementor-element-319bb36\" data-id=\"319bb36\" data-element_type=\"column\">\n\t\t\t<div class=\"elementor-widget-wrap elementor-element-populated\">\n\t\t\t\t\t\t\t\t<div class=\"elementor-element elementor-element-a6133e1 elementor-widget elementor-widget-text-editor\" data-id=\"a6133e1\" data-element_type=\"widget\" data-widget_type=\"text-editor.default\">\n\t\t\t\t<div class=\"elementor-widget-container\">\n\t\t\t\t\t\t\t<p><b>Hyra Gropen<br \/><\/b><span style=\"color: var( --e-global-color-text ); font-family: var( --e-global-typography-text-font-family ), Sans-serif; font-weight: var( --e-global-typography-text-font-weight );\">Det finns m\u00f6jlighet att hyra Gropen f\u00f6r tr\u00e4ning och t\u00e4vling. I v\u00e5rt bokningssystem g\u00f6r du din bokning.<\/span><\/p><p><a href=\"https:\/\/sgrk.bokamera.se\"><b>Boka Gropen<\/b><\/a><\/p>\t\t\t\t\t\t<\/div>\n\t\t\t\t<\/div>\n\t\t\t\t\t<\/div>\n\t\t<\/div>\n\t\t\t\t<div class=\"elementor-column elementor-col-50 elementor-inner-column elementor-element elementor-element-f9d5efc\" data-id=\"f9d5efc\" data-element_type=\"column\">\n\t\t\t<div class=\"elementor-widget-wrap elementor-element-populated\">\n\t\t\t\t\t\t\t\t<div class=\"elementor-element elementor-element-5507b75 elementor-widget elementor-widget-text-editor\" data-id=\"5507b75\" data-element_type=\"widget\" data-widget_type=\"text-editor.default\">\n\t\t\t\t<div class=\"elementor-widget-container\">\n\t\t\t\t\t\t\t<p><strong>Fr\u00e5gor<\/strong><br \/>F\u00f6r fr\u00e5gor (ej bokningar) ang\u00e5ende Gropen ring:<br \/>&#8211; Ewa Weijmar Kolmodin, 0736-677 551<br \/>&#8211; Tobias Mattsson, 0708-699\u00a0149<br \/>&#8211; Camilla Gardell, 0730-93 38 68<br \/>&#8211; Kristina \u00d6stre, 0703-312\u00a0356<br \/>&#8211; Viktoria S\u00f6derman, 0730-22 77 25<br \/>&#8211; Helen Arvidsson, 0733-80 60 51<\/p>\t\t\t\t\t\t<\/div>\n\t\t\t\t<\/div>\n\t\t\t\t\t<\/div>\n\t\t<\/div>\n\t\t\t\t\t\t\t<\/div>\n\t\t<\/section>\n\t\t\t\t\t<\/div>\n\t\t<\/div>\n\t\t\t\t\t\t\t<\/div>\n\t\t<\/section>\n\t\t\t\t<section class=\"elementor-section elementor-top-section elementor-element elementor-element-596de3a elementor-section-boxed elementor-section-height-default elementor-section-height-default\" data-id=\"596de3a\" data-element_type=\"section\">\n\t\t\t\t\t\t<div class=\"elementor-container elementor-column-gap-default\">\n\t\t\t\t\t<div class=\"elementor-column elementor-col-100 elementor-top-column elementor-element elementor-element-01ddcf3\" data-id=\"01ddcf3\" data-element_type=\"column\">\n\t\t\t<div class=\"elementor-widget-wrap elementor-element-populated\">\n\t\t\t\t\t\t\t\t<div class=\"elementor-element elementor-element-4b37d36 elementor-widget elementor-widget-spacer\" data-id=\"4b37d36\" data-element_type=\"widget\" data-widget_type=\"spacer.default\">\n\t\t\t\t<div class=\"elementor-widget-container\">\n\t\t\t\t\t<div class=\"elementor-spacer\">\n\t\t\t<div class=\"elementor-spacer-inner\"><\/div>\n\t\t<\/div>\n\t\t\t\t<\/div>\n\t\t\t\t<\/div>\n\t\t\t\t\t<\/div>\n\t\t<\/div>\n\t\t\t\t\t\t\t<\/div>\n\t\t<\/section>\n\t\t\t\t<section class=\"elementor-section elementor-top-section elementor-element elementor-element-c581200 elementor-section-boxed elementor-section-height-default elementor-section-height-default\" data-id=\"c581200\" data-element_type=\"section\">\n\t\t\t\t\t\t<div class=\"elementor-container elementor-column-gap-default\">\n\t\t\t\t\t<div class=\"elementor-column elementor-col-100 elementor-top-column elementor-element elementor-element-ab252d8\" data-id=\"ab252d8\" data-element_type=\"column\">\n\t\t\t<div class=\"elementor-widget-wrap elementor-element-populated\">\n\t\t\t\t\t\t\t\t<div class=\"elementor-element elementor-element-e3db19b elementor-widget elementor-widget-text-editor\" data-id=\"e3db19b\" data-element_type=\"widget\" data-widget_type=\"text-editor.default\">\n\t\t\t\t<div class=\"elementor-widget-container\">\n\t\t\t\t\t\t\t<section style=\"flex-basis: var(--flex-basis); flex-grow: var(--flex-grow); flex-shrink: var(--flex-shrink); order: var(--order); align-self: var(--align-self); --widgets-spacing: 20px; color: #384554; font-family: 'Source Sans Pro';\" data-id=\"cfe0a75\" data-element_type=\"section\">\n<div>\n<div style=\"flex-basis: var(--flex-basis); flex-grow: var(--flex-grow); flex-shrink: var(--flex-shrink); order: var(--order); align-self: var(--align-self); --widgets-spacing: 20px; width: 1140px;\" data-id=\"8e62c7b\" data-element_type=\"column\">\n<div style=\"width: 1140px;\">\n<div style=\"flex-basis: var(--flex-basis); flex-grow: var(--flex-grow); flex-shrink: var(--flex-shrink); order: var(--order); align-self: var(--align-self); flex-direction: var(--flex-direction); flex-wrap: var(--flex-wrap); justify-content: var(--justify-content); align-items: var(--align-items); align-content: var(--align-content); gap: var(--gap); --widgets-spacing: 20px; font-family: var( --e-global-typography-text-font-family ), Sans-serif; font-weight: var( --e-global-typography-text-font-weight ); width: 1120px;\" data-id=\"7349652\" data-element_type=\"widget\" data-widget_type=\"text-editor.default\">\n<div style=\"transition: background 0.3s,border 0.3s,border-radius 0.3s,box-shadow 0.3s,transform var(--e-transform-transition-duration,0.4s);\">\nAlla \u00e4r v\u00e4lkomna att boka och anv\u00e4nda Gropen till ridning och k\u00f6rning, p\u00e5 alla banor.&nbsp;<br><p><span style=\"font-family: var( --e-global-typography-text-font-family ), Sans-serif; font-weight: var( --e-global-typography-text-font-weight );\">Den stora grusbanan (40x100m, n\u00e4rmast gr\u00e4sbanan) \u00e4r endast avsedd f\u00f6r dressyrridning och k\u00f6rning.&nbsp;<\/span><\/p><p>Priser f\u00f6r b\u00e5de enskild bana och hela anl\u00e4ggningen finns i bokningssystemet.<\/p><p>Bokning ska ske senast kl. 09.00 samma dag f\u00f6r att ryttare och kuskar med \u00e5rskort ska f\u00e5 tillg\u00e5ng till banorna.<br>Ev. avbokning skall ske senast dagen innan.&nbsp;<\/p>\n<p><strong style=\"font-family: var( --e-global-typography-text-font-family ), Sans-serif;\">\u00c5rskort<\/strong><span style=\"font-family: var( --e-global-typography-text-font-family ), Sans-serif; font-weight: var( --e-global-typography-text-font-weight );\">&nbsp;(endast f\u00f6r medlemmar):<br><\/span><span style=\"font-family: var( --e-global-typography-text-font-family ), Sans-serif; font-weight: var( --e-global-typography-text-font-weight );\">Enskild medlem\u2013 500 kr\/\u00e5r<br><\/span><span style=\"font-family: var( --e-global-typography-text-font-family ), Sans-serif; font-weight: var( --e-global-typography-text-font-weight );\">Medlemsfamilj \u2013 750 kr\/\u00e5r<br><\/span><span style=\"font-family: var( --e-global-typography-text-font-family ), Sans-serif; font-weight: var( --e-global-typography-text-font-weight );\">Icke medlem &#8211; 1000 kr\/\u00e5r<br><\/span><span style=\"font-family: var( --e-global-typography-text-font-family ), Sans-serif; font-weight: var( --e-global-typography-text-font-weight );\">Icke medlemsfamilj &#8211; 1250 kr\/\u00e5r<\/span><\/p>\n<\/div>\n<\/div>\n<\/div>\n<\/div>\n<\/div>\n<\/section>\n<section style=\"flex-basis: var(--flex-basis); flex-grow: var(--flex-grow); flex-shrink: var(--flex-shrink); order: var(--order); align-self: var(--align-self); --widgets-spacing: 20px; color: #384554; font-family: 'Source Sans Pro';\" data-id=\"1b3c6ca\" data-element_type=\"section\">\n<div>\n<div style=\"flex-basis: var(--flex-basis); flex-grow: var(--flex-grow); flex-shrink: var(--flex-shrink); order: var(--order); align-self: var(--align-self); --widgets-spacing: 20px; width: 570px;\" data-id=\"b01d2cd\" data-element_type=\"column\">\n<div style=\"width: 570px;\">\n<div style=\"flex-basis: var(--flex-basis); flex-grow: var(--flex-grow); flex-shrink: var(--flex-shrink); order: var(--order); align-self: var(--align-self); flex-direction: var(--flex-direction); flex-wrap: var(--flex-wrap); justify-content: var(--justify-content); align-items: var(--align-items); align-content: var(--align-content); gap: var(--gap); --widgets-spacing: 20px; font-family: var( --e-global-typography-text-font-family ), Sans-serif; font-weight: var( --e-global-typography-text-font-weight ); width: 550px;\" data-id=\"b8c596a\" data-element_type=\"widget\" data-widget_type=\"text-editor.default\">\n<div style=\"transition: background 0.3s,border 0.3s,border-radius 0.3s,box-shadow 0.3s,transform var(--e-transform-transition-duration,0.4s);\">\n<p>\u00c5rskortsinnehavare kan inte boka utan anv\u00e4nder banorna p\u00e5 obokade tider. Kontrollera kalendern innan du kommer.<\/p><p><span style=\"font-family: var( --e-global-typography-text-font-family ), Sans-serif; font-weight: var( --e-global-typography-text-font-weight );\">Betalning f\u00f6r anl\u00e4ggningen ska utan anmodan erl\u00e4ggas till SGRKs bankgiro 727-3634 eller swish 123 223 9325.<\/span><\/p><p><span style=\"font-family: var( --e-global-typography-text-font-family ), Sans-serif; font-weight: var( --e-global-typography-text-font-weight );\">M\u00e4rk inbetalningen med \u201d\u00c5rskort Gropen\/namn\u201d eller med \u201dHyra Gropen\/datum\/namn\u201d.<\/span>&nbsp;<\/p>\n<\/div>\n<\/div>\n<\/div>\n<\/div>\n<div style=\"flex-basis: var(--flex-basis); flex-grow: var(--flex-grow); flex-shrink: var(--flex-shrink); order: var(--order); align-self: var(--align-self); --widgets-spacing: 20px; width: 570px;\" data-id=\"2985e9d\" data-element_type=\"column\">\n<div style=\"width: 570px;\">\n<div style=\"flex-basis: var(--flex-basis); flex-grow: var(--flex-grow); flex-shrink: var(--flex-shrink); order: var(--order); align-self: var(--align-self); flex-direction: var(--flex-direction); flex-wrap: var(--flex-wrap); justify-content: var(--justify-content); align-items: var(--align-items); align-content: var(--align-content); gap: var(--gap); --widgets-spacing: 20px; font-family: var( --e-global-typography-text-font-family ), Sans-serif; font-weight: var( --e-global-typography-text-font-weight ); width: 550px;\" data-id=\"3e91200\" data-element_type=\"widget\" data-widget_type=\"text-editor.default\">\n<div style=\"transition: background 0.3s,border 0.3s,border-radius 0.3s,box-shadow 0.3s,transform var(--e-transform-transition-duration,0.4s);\">\n<\/div>\n<\/div>\n<\/div>\n<\/div>\n<\/div>\n<\/section>\t\t\t\t\t\t<\/div>\n\t\t\t\t<\/div>\n\t\t\t\t\t<\/div>\n\t\t<\/div>\n\t\t\t\t\t\t\t<\/div>\n\t\t<\/section>\n\t\t\t\t<section class=\"elementor-section elementor-top-section elementor-element elementor-element-77cee86 elementor-section-boxed elementor-section-height-default elementor-section-height-default\" data-id=\"77cee86\" data-element_type=\"section\">\n\t\t\t\t\t\t<div class=\"elementor-container elementor-column-gap-default\">\n\t\t\t\t\t<div class=\"elementor-column elementor-col-100 elementor-top-column elementor-element elementor-element-a51de9b\" data-id=\"a51de9b\" data-element_type=\"column\">\n\t\t\t<div class=\"elementor-widget-wrap elementor-element-populated\">\n\t\t\t\t\t\t\t\t<div class=\"elementor-element elementor-element-6d65cd7 elementor-widget elementor-widget-spacer\" data-id=\"6d65cd7\" data-element_type=\"widget\" data-widget_type=\"spacer.default\">\n\t\t\t\t<div class=\"elementor-widget-container\">\n\t\t\t\t\t<div class=\"elementor-spacer\">\n\t\t\t<div class=\"elementor-spacer-inner\"><\/div>\n\t\t<\/div>\n\t\t\t\t<\/div>\n\t\t\t\t<\/div>\n\t\t\t\t\t<\/div>\n\t\t<\/div>\n\t\t\t\t\t\t\t<\/div>\n\t\t<\/section>\n\t\t\t\t<section class=\"elementor-section elementor-top-section elementor-element elementor-element-81add32 elementor-section-boxed elementor-section-height-default elementor-section-height-default\" data-id=\"81add32\" data-element_type=\"section\">\n\t\t\t\t\t\t<div class=\"elementor-container elementor-column-gap-default\">\n\t\t\t\t\t<div class=\"elementor-column elementor-col-100 elementor-top-column elementor-element elementor-element-ff3ce40\" data-id=\"ff3ce40\" data-element_type=\"column\">\n\t\t\t<div class=\"elementor-widget-wrap elementor-element-populated\">\n\t\t\t\t\t\t\t\t<div class=\"elementor-element elementor-element-fbcbdf0 elementor-widget elementor-widget-text-editor\" data-id=\"fbcbdf0\" data-element_type=\"widget\" data-widget_type=\"text-editor.default\">\n\t\t\t\t<div class=\"elementor-widget-container\">\n\t\t\t\t\t\t\t<p><strong>Hitta hit<\/strong><br \/>Adressen till Gropen \u00e4r Rone Smissarve 594.<br \/><br \/>V\u00e4gbeskrivning:<br \/>Fr\u00e5n Visby: K\u00f6r v\u00e4g 143 mot Ljugarn ca 21 km. Sv\u00e4ng h\u00f6ger mot Lye (v\u00e4g I 534). I korsningen i Lye sv\u00e4ng h\u00f6ger p\u00e5 v\u00e4g 144 mot St\u00e5nga. Efter ca 6 km finns anl\u00e4ggningen p\u00e5 v\u00e4nster sida.<br \/>Fr\u00e5n Havdhem: K\u00f6r v\u00e4g 142 norrut. Ca 1 km efter Hemse, sv\u00e4ng h\u00f6ger mot St\u00e5nga. Forts\u00e4tt drygt 4 km. P\u00e5 h\u00f6ger sidan ligger anl\u00e4ggningen.<\/p>\t\t\t\t\t\t<\/div>\n\t\t\t\t<\/div>\n\t\t\t\t\t<\/div>\n\t\t<\/div>\n\t\t\t\t\t\t\t<\/div>\n\t\t<\/section>\n\t\t\t\t\t\t\t<\/div>\n\t\t","protected":false},"excerpt":{"rendered":"<p>Gropen \u00e4r en rid- och k\u00f6ranl\u00e4ggning bel\u00e4gen mellan St\u00e5nga och Hemse som \u00e4gs och drivs av f\u00f6reningen. Marken \u00e4r ett&#8230;<\/p>\n","protected":false},"author":1,"featured_media":0,"parent":0,"menu_order":0,"comment_status":"closed","ping_status":"closed","template":"","meta":{"footnotes":""},"class_list":["post-98","page","type-page","status-publish","hentry"],"_links":{"self":[{"href":"http:\/\/sgrk.nu\/index.php\/wp-json\/wp\/v2\/pages\/98","targetHints":{"allow":["GET"]}}],"collection":[{"href":"http:\/\/sgrk.nu\/index.php\/wp-json\/wp\/v2\/pages"}],"about":[{"href":"http:\/\/sgrk.nu\/index.php\/wp-json\/wp\/v2\/types\/page"}],"author":[{"embeddable":true,"href":"http:\/\/sgrk.nu\/index.php\/wp-json\/wp\/v2\/users\/1"}],"replies":[{"embeddable":true,"href":"http:\/\/sgrk.nu\/index.php\/wp-json\/wp\/v2\/comments?post=98"}],"version-history":[{"count":63,"href":"http:\/\/sgrk.nu\/index.php\/wp-json\/wp\/v2\/pages\/98\/revisions"}],"predecessor-version":[{"id":3028,"href":"http:\/\/sgrk.nu\/index.php\/wp-json\/wp\/v2\/pages\/98\/revisions\/3028"}],"wp:attachment":[{"href":"http:\/\/sgrk.nu\/index.php\/wp-json\/wp\/v2\/media?parent=98"}],"curies":[{"name":"wp","href":"https:\/\/api.w.org\/{rel}","templated":true}]}}